{"id":137,"date":"2022-01-16T20:14:22","date_gmt":"2022-01-16T20:14:22","guid":{"rendered":"https:\/\/impactsolutionstech.com\/?page_id=137"},"modified":"2022-01-21T00:30:06","modified_gmt":"2022-01-21T00:30:06","slug":"us-at-work","status":"publish","type":"page","link":"https:\/\/impactsolutionstech.com\/es\/us-at-work\/","title":{"rendered":"Nosotros"},"content":{"rendered":"<div data-elementor-type=\"wp-page\" data-elementor-id=\"137\" class=\"elementor elementor-137\" data-elementor-post-type=\"page\">\n\t\t\t\t\t\t<section class=\"elementor-section elementor-top-section elementor-element elementor-element-7766dd21 elementor-section-boxed elementor-section-height-default elementor-section-height-default\" data-id=\"7766dd21\" data-element_type=\"section\" data-settings=\"{&quot;background_background&quot;:&quot;gradient&quot;}\">\n\t\t\t\t\t\t\t<div class=\"elementor-background-overlay\"><\/div>\n\t\t\t\t\t\t\t<div class=\"elementor-container elementor-column-gap-default\">\n\t\t\t\t\t<div class=\"elementor-column elementor-col-100 elementor-top-column elementor-element elementor-element-56844764\" data-id=\"56844764\" data-element_type=\"column\">\n\t\t\t<div class=\"elementor-widget-wrap elementor-element-populated\">\n\t\t\t\t\t\t<div class=\"elementor-element elementor-element-6db55ff5 elementor-widget elementor-widget-heading\" data-id=\"6db55ff5\" data-element_type=\"widget\" data-widget_type=\"heading.default\">\n\t\t\t\t<div class=\"elementor-widget-container\">\n\t\t\t<h1 class=\"elementor-heading-title elementor-size-default\">Nosotros<\/h1>\t\t<\/div>\n\t\t\t\t<\/div>\n\t\t\t\t\t<\/div>\n\t\t<\/div>\n\t\t\t\t\t<\/div>\n\t\t<\/section>\n\t\t\t\t<section class=\"elementor-section elementor-top-section elementor-element elementor-element-7ad338ea elementor-section-boxed elementor-section-height-default elementor-section-height-default\" data-id=\"7ad338ea\" data-element_type=\"section\">\n\t\t\t\t\t\t<div class=\"elementor-container elementor-column-gap-default\">\n\t\t\t\t\t<div class=\"elementor-column elementor-col-50 elementor-top-column elementor-element elementor-element-178ddbeb\" data-id=\"178ddbeb\" data-element_type=\"column\">\n\t\t\t<div class=\"elementor-widget-wrap elementor-element-populated\">\n\t\t\t\t\t\t<div class=\"elementor-element elementor-element-28370647 elementor-widget elementor-widget-image\" data-id=\"28370647\" data-element_type=\"widget\" data-settings=\"{&quot;motion_fx_motion_fx_scrolling&quot;:&quot;yes&quot;,&quot;motion_fx_translateY_effect&quot;:&quot;yes&quot;,&quot;motion_fx_translateY_speed&quot;:{&quot;unit&quot;:&quot;px&quot;,&quot;size&quot;:4,&quot;sizes&quot;:[]},&quot;motion_fx_translateY_affectedRange&quot;:{&quot;unit&quot;:&quot;%&quot;,&quot;size&quot;:&quot;&quot;,&quot;sizes&quot;:{&quot;start&quot;:0,&quot;end&quot;:100}},&quot;motion_fx_devices&quot;:[&quot;desktop&quot;,&quot;tablet&quot;,&quot;mobile&quot;]}\" data-widget_type=\"image.default\">\n\t\t\t\t<div class=\"elementor-widget-container\">\n\t\t\t\t\t\t\t\t\t\t\t\t\t<img fetchpriority=\"high\" decoding=\"async\" width=\"2000\" height=\"1334\" src=\"https:\/\/impactsolutionstech.com\/wp-content\/uploads\/2022\/01\/business-person-working-on-digital-tablet-.jpg\" class=\"attachment-full size-full wp-image-779\" alt=\"business person working on digital tablet.\" srcset=\"https:\/\/impactsolutionstech.com\/wp-content\/uploads\/2022\/01\/business-person-working-on-digital-tablet-.jpg 2000w, https:\/\/impactsolutionstech.com\/wp-content\/uploads\/2022\/01\/business-person-working-on-digital-tablet--300x200.jpg 300w, https:\/\/impactsolutionstech.com\/wp-content\/uploads\/2022\/01\/business-person-working-on-digital-tablet--1024x683.jpg 1024w, https:\/\/impactsolutionstech.com\/wp-content\/uploads\/2022\/01\/business-person-working-on-digital-tablet--768x512.jpg 768w, https:\/\/impactsolutionstech.com\/wp-content\/uploads\/2022\/01\/business-person-working-on-digital-tablet--1536x1025.jpg 1536w, https:\/\/impactsolutionstech.com\/wp-content\/uploads\/2022\/01\/business-person-working-on-digital-tablet--18x12.jpg 18w, https:\/\/impactsolutionstech.com\/wp-content\/uploads\/2022\/01\/business-person-working-on-digital-tablet--600x400.jpg 600w\" sizes=\"(max-width: 2000px) 100vw, 2000px\" \/>\t\t\t\t\t\t\t\t\t\t\t\t\t<\/div>\n\t\t\t\t<\/div>\n\t\t\t\t<div class=\"elementor-element elementor-element-578e59d4 elementor-widget__width-initial elementor-absolute elementor-widget elementor-widget-image\" data-id=\"578e59d4\" data-element_type=\"widget\" data-settings=\"{&quot;_position&quot;:&quot;absolute&quot;}\" data-widget_type=\"image.default\">\n\t\t\t\t<div class=\"elementor-widget-container\">\n\t\t\t\t\t\t\t\t\t\t\t\t\t<img decoding=\"async\" width=\"191\" height=\"76\" src=\"https:\/\/impactsolutionstech.com\/wp-content\/uploads\/2022\/01\/doots_kuning.png\" class=\"attachment-large size-large wp-image-43\" alt=\"\" srcset=\"https:\/\/impactsolutionstech.com\/wp-content\/uploads\/2022\/01\/doots_kuning.png 191w, https:\/\/impactsolutionstech.com\/wp-content\/uploads\/2022\/01\/doots_kuning-18x7.png 18w\" sizes=\"(max-width: 191px) 100vw, 191px\" \/>\t\t\t\t\t\t\t\t\t\t\t\t\t<\/div>\n\t\t\t\t<\/div>\n\t\t\t\t<div class=\"elementor-element elementor-element-77eacde4 elementor-widget__width-initial elementor-absolute elementor-widget elementor-widget-image\" data-id=\"77eacde4\" data-element_type=\"widget\" data-settings=\"{&quot;_position&quot;:&quot;absolute&quot;}\" data-widget_type=\"image.default\">\n\t\t\t\t<div class=\"elementor-widget-container\">\n\t\t\t\t\t\t\t\t\t\t\t\t\t<img decoding=\"async\" width=\"191\" height=\"158\" src=\"https:\/\/impactsolutionstech.com\/wp-content\/uploads\/2022\/01\/asset-dot-satu.png\" class=\"attachment-full size-full wp-image-37\" alt=\"\" srcset=\"https:\/\/impactsolutionstech.com\/wp-content\/uploads\/2022\/01\/asset-dot-satu.png 191w, https:\/\/impactsolutionstech.com\/wp-content\/uploads\/2022\/01\/asset-dot-satu-15x12.png 15w\" sizes=\"(max-width: 191px) 100vw, 191px\" \/>\t\t\t\t\t\t\t\t\t\t\t\t\t<\/div>\n\t\t\t\t<\/div>\n\t\t\t\t\t<\/div>\n\t\t<\/div>\n\t\t\t\t<div class=\"elementor-column elementor-col-50 elementor-top-column elementor-element elementor-element-631049bc\" data-id=\"631049bc\" data-element_type=\"column\">\n\t\t\t<div class=\"elementor-widget-wrap elementor-element-populated\">\n\t\t\t\t\t\t<div class=\"elementor-element elementor-element-3fa27ce9 elementor-widget elementor-widget-text-editor\" data-id=\"3fa27ce9\" data-element_type=\"widget\" data-widget_type=\"text-editor.default\">\n\t\t\t\t<div class=\"elementor-widget-container\">\n\t\t\t\t\t\t\t<p>En Impact Solutions Tech somos un Socio Tecnol\u00f3gico y Acelerador Digital de algunas de las empresas m\u00e1s grandes de M\u00e9xico. Hemos trabajado en Consultor\u00edas Tecnol\u00f3gicas por varios a\u00f1os en algunos pa\u00edses del continente.<\/p><p>Transformamos la forma en que las compa\u00f1\u00edas estructuran su visi\u00f3n y misi\u00f3n en un Mundo Digital. Creemos en la generaci\u00f3n de una mentalidad innovadora para crear cambio disruptivo y duradero.<\/p><p>Hemos completado m\u00e1s de 320 proyectos de gran escala y nos enorgullecemos de trabajar para m\u00e1s de 150 clientes. Proveemos un servicio de alta calidad, donde trabajan algunas de las mejores mentes de la industria generando nuevas y mejores pr\u00e1cticas para el futuro de los negocios de nuestros clientes.<\/p>\t\t\t\t\t\t<\/div>\n\t\t\t\t<\/div>\n\t\t\t\t\t<\/div>\n\t\t<\/div>\n\t\t\t\t\t<\/div>\n\t\t<\/section>\n\t\t\t\t<section class=\"elementor-section elementor-top-section elementor-element elementor-element-4697207b elementor-section-boxed elementor-section-height-default elementor-section-height-default\" data-id=\"4697207b\" data-element_type=\"section\" data-settings=\"{&quot;background_background&quot;:&quot;classic&quot;}\">\n\t\t\t\t\t\t<div class=\"elementor-container elementor-column-gap-default\">\n\t\t\t\t\t<div class=\"elementor-column elementor-col-50 elementor-top-column elementor-element elementor-element-32613210 animated-fast elementor-invisible\" data-id=\"32613210\" data-element_type=\"column\" data-settings=\"{&quot;background_background&quot;:&quot;classic&quot;,&quot;animation&quot;:&quot;fadeInRight&quot;}\">\n\t\t\t<div class=\"elementor-widget-wrap elementor-element-populated\">\n\t\t\t\t\t\t<div class=\"elementor-element elementor-element-d2788c6 elementor-view-default elementor-widget elementor-widget-icon\" data-id=\"d2788c6\" data-element_type=\"widget\" data-widget_type=\"icon.default\">\n\t\t\t\t<div class=\"elementor-widget-container\">\n\t\t\t\t\t<div class=\"elementor-icon-wrapper\">\n\t\t\t<div class=\"elementor-icon\">\n\t\t\t<i aria-hidden=\"true\" class=\"far fa-check-circle\"><\/i>\t\t\t<\/div>\n\t\t<\/div>\n\t\t\t\t<\/div>\n\t\t\t\t<\/div>\n\t\t\t\t<div class=\"elementor-element elementor-element-2233b518 elementor-widget elementor-widget-heading\" data-id=\"2233b518\" data-element_type=\"widget\" data-widget_type=\"heading.default\">\n\t\t\t\t<div class=\"elementor-widget-container\">\n\t\t\t<h4 class=\"elementor-heading-title elementor-size-default\">\u00bfC\u00f3mo lo hacemos?<\/h4>\t\t<\/div>\n\t\t\t\t<\/div>\n\t\t\t\t<div class=\"elementor-element elementor-element-24b3c1cb elementor-widget elementor-widget-text-editor\" data-id=\"24b3c1cb\" data-element_type=\"widget\" data-widget_type=\"text-editor.default\">\n\t\t\t\t<div class=\"elementor-widget-container\">\n\t\t\t\t\t\t\t<p>Impact Solutions Tech no es un sitio donde los individuos simplemente trabajan, somos un ambiente creativo que desaf\u00eda nuestro pensamiento todos los d\u00edas junto a colegas que contagian la pasi\u00f3n por innovar. Damos la bienvenida a las distintas perspectivas que impulsan nuestras soluciones disruptivas, trabajo de calidad y relaciones permanentes con nuestros clientes<\/p>\t\t\t\t\t\t<\/div>\n\t\t\t\t<\/div>\n\t\t\t\t\t<\/div>\n\t\t<\/div>\n\t\t\t\t<div class=\"elementor-column elementor-col-50 elementor-top-column elementor-element elementor-element-503e97ac elementor-invisible\" data-id=\"503e97ac\" data-element_type=\"column\" data-settings=\"{&quot;animation&quot;:&quot;fadeInRight&quot;}\">\n\t\t\t<div class=\"elementor-widget-wrap elementor-element-populated\">\n\t\t\t\t\t\t<div class=\"elementor-element elementor-element-9b1ae0f elementor-view-default elementor-widget elementor-widget-icon\" data-id=\"9b1ae0f\" data-element_type=\"widget\" data-widget_type=\"icon.default\">\n\t\t\t\t<div class=\"elementor-widget-container\">\n\t\t\t\t\t<div class=\"elementor-icon-wrapper\">\n\t\t\t<div class=\"elementor-icon\">\n\t\t\t<i aria-hidden=\"true\" class=\"far fa-star\"><\/i>\t\t\t<\/div>\n\t\t<\/div>\n\t\t\t\t<\/div>\n\t\t\t\t<\/div>\n\t\t\t\t<div class=\"elementor-element elementor-element-3273b990 elementor-widget elementor-widget-heading\" data-id=\"3273b990\" data-element_type=\"widget\" data-widget_type=\"heading.default\">\n\t\t\t\t<div class=\"elementor-widget-container\">\n\t\t\t<h4 class=\"elementor-heading-title elementor-size-default\">Misi\u00f3n<\/h4>\t\t<\/div>\n\t\t\t\t<\/div>\n\t\t\t\t<div class=\"elementor-element elementor-element-39c0a7ad elementor-widget elementor-widget-text-editor\" data-id=\"39c0a7ad\" data-element_type=\"widget\" data-widget_type=\"text-editor.default\">\n\t\t\t\t<div class=\"elementor-widget-container\">\n\t\t\t\t\t\t\t<p>Ser la empresa l\u00edder en el mercado que brinda servicios en tecnolog\u00edas de la informaci\u00f3n, con valor agregado y calidad que ayuden a satisfacer las necesidades de nuestros clientes a trav\u00e9s de herramientas de vanguardia que les permita fortalecerse y continuar creciendo.<\/p>\t\t\t\t\t\t<\/div>\n\t\t\t\t<\/div>\n\t\t\t\t\t<\/div>\n\t\t<\/div>\n\t\t\t\t\t<\/div>\n\t\t<\/section>\n\t\t\t\t<section class=\"elementor-section elementor-top-section elementor-element elementor-element-12b1d374 elementor-section-boxed elementor-section-height-default elementor-section-height-default\" data-id=\"12b1d374\" data-element_type=\"section\" data-settings=\"{&quot;background_background&quot;:&quot;classic&quot;}\">\n\t\t\t\t\t\t<div class=\"elementor-container elementor-column-gap-default\">\n\t\t\t\t\t<div class=\"elementor-column elementor-col-50 elementor-top-column elementor-element elementor-element-5bfc35c0 animated-fast elementor-invisible\" data-id=\"5bfc35c0\" data-element_type=\"column\" data-settings=\"{&quot;animation&quot;:&quot;fadeInRight&quot;}\">\n\t\t\t<div class=\"elementor-widget-wrap elementor-element-populated\">\n\t\t\t\t\t\t<div class=\"elementor-element elementor-element-5ad3d37 elementor-view-default elementor-widget elementor-widget-icon\" data-id=\"5ad3d37\" data-element_type=\"widget\" data-widget_type=\"icon.default\">\n\t\t\t\t<div class=\"elementor-widget-container\">\n\t\t\t\t\t<div class=\"elementor-icon-wrapper\">\n\t\t\t<div class=\"elementor-icon\">\n\t\t\t<i aria-hidden=\"true\" class=\"far fa-handshake\"><\/i>\t\t\t<\/div>\n\t\t<\/div>\n\t\t\t\t<\/div>\n\t\t\t\t<\/div>\n\t\t\t\t<div class=\"elementor-element elementor-element-577793ba elementor-widget elementor-widget-heading\" data-id=\"577793ba\" data-element_type=\"widget\" data-widget_type=\"heading.default\">\n\t\t\t\t<div class=\"elementor-widget-container\">\n\t\t\t<h4 class=\"elementor-heading-title elementor-size-default\">\u00bfCu\u00e1l es nuestra propuesta de valor?<\/h4>\t\t<\/div>\n\t\t\t\t<\/div>\n\t\t\t\t<div class=\"elementor-element elementor-element-23b4f580 elementor-widget elementor-widget-text-editor\" data-id=\"23b4f580\" data-element_type=\"widget\" data-widget_type=\"text-editor.default\">\n\t\t\t\t<div class=\"elementor-widget-container\">\n\t\t\t\t\t\t\t<ul><li>Logramos disminuir los gastos de operaci\u00f3n con mayor eficiencia<\/li><li>Alta escalabilidad en infraestructura y servicios<\/li><li>Aseguramos la continuidad de las operaciones y negocio<\/li><li>Mitigaci\u00f3n de riesgos bajo las normativas vigentes<\/li><\/ul>\t\t\t\t\t\t<\/div>\n\t\t\t\t<\/div>\n\t\t\t\t\t<\/div>\n\t\t<\/div>\n\t\t\t\t<div class=\"elementor-column elementor-col-50 elementor-top-column elementor-element elementor-element-3bc39bc5 animated-slow elementor-invisible\" data-id=\"3bc39bc5\" data-element_type=\"column\" data-settings=\"{&quot;animation&quot;:&quot;fadeInRight&quot;}\">\n\t\t\t<div class=\"elementor-widget-wrap elementor-element-populated\">\n\t\t\t\t\t\t<div class=\"elementor-element elementor-element-0b91969 elementor-view-default elementor-widget elementor-widget-icon\" data-id=\"0b91969\" data-element_type=\"widget\" data-widget_type=\"icon.default\">\n\t\t\t\t<div class=\"elementor-widget-container\">\n\t\t\t\t\t<div class=\"elementor-icon-wrapper\">\n\t\t\t<div class=\"elementor-icon\">\n\t\t\t<i aria-hidden=\"true\" class=\"fas fa-globe-americas\"><\/i>\t\t\t<\/div>\n\t\t<\/div>\n\t\t\t\t<\/div>\n\t\t\t\t<\/div>\n\t\t\t\t<div class=\"elementor-element elementor-element-835605a elementor-widget elementor-widget-heading\" data-id=\"835605a\" data-element_type=\"widget\" data-widget_type=\"heading.default\">\n\t\t\t\t<div class=\"elementor-widget-container\">\n\t\t\t<h4 class=\"elementor-heading-title elementor-size-default\">Visi\u00f3n<\/h4>\t\t<\/div>\n\t\t\t\t<\/div>\n\t\t\t\t<div class=\"elementor-element elementor-element-7ec3e430 elementor-widget elementor-widget-text-editor\" data-id=\"7ec3e430\" data-element_type=\"widget\" data-widget_type=\"text-editor.default\">\n\t\t\t\t<div class=\"elementor-widget-container\">\n\t\t\t\t\t\t\t<p>Ser reconocidos a nivel nacional e internacional como una empresa que ofrece a nuestros clientes productos y servicios de \u00e9lite, con calidad, \u00e9tica y compromiso para todas las \u00e1reas de tecnolog\u00edas de la informaci\u00f3n.<\/p>\t\t\t\t\t\t<\/div>\n\t\t\t\t<\/div>\n\t\t\t\t\t<\/div>\n\t\t<\/div>\n\t\t\t\t\t<\/div>\n\t\t<\/section>\n\t\t\t\t<section class=\"elementor-section elementor-top-section elementor-element elementor-element-912a6c2 elementor-section-boxed elementor-section-height-default elementor-section-height-default\" data-id=\"912a6c2\" data-element_type=\"section\">\n\t\t\t\t\t\t<div class=\"elementor-container elementor-column-gap-default\">\n\t\t\t\t\t<div class=\"elementor-column elementor-col-100 elementor-top-column elementor-element elementor-element-1869a80\" data-id=\"1869a80\" data-element_type=\"column\">\n\t\t\t<div class=\"elementor-widget-wrap elementor-element-populated\">\n\t\t\t\t\t\t<div class=\"elementor-element elementor-element-2bdc67c elementor-widget elementor-widget-heading\" data-id=\"2bdc67c\" data-element_type=\"widget\" data-widget_type=\"heading.default\">\n\t\t\t\t<div class=\"elementor-widget-container\">\n\t\t\t<h2 class=\"elementor-heading-title elementor-size-default\">Valores<\/h2>\t\t<\/div>\n\t\t\t\t<\/div>\n\t\t\t\t<div class=\"elementor-element elementor-element-bdb8ddf elementor-widget-divider--view-line elementor-widget elementor-widget-divider\" data-id=\"bdb8ddf\" data-element_type=\"widget\" data-widget_type=\"divider.default\">\n\t\t\t\t<div class=\"elementor-widget-container\">\n\t\t\t\t\t<div class=\"elementor-divider\">\n\t\t\t<span class=\"elementor-divider-separator\">\n\t\t\t\t\t\t<\/span>\n\t\t<\/div>\n\t\t\t\t<\/div>\n\t\t\t\t<\/div>\n\t\t\t\t\t<\/div>\n\t\t<\/div>\n\t\t\t\t\t<\/div>\n\t\t<\/section>\n\t\t\t\t<section class=\"elementor-section elementor-top-section elementor-element elementor-element-81f52f0 elementor-section-boxed elementor-section-height-default elementor-section-height-default\" data-id=\"81f52f0\" data-element_type=\"section\">\n\t\t\t\t\t\t<div class=\"elementor-container elementor-column-gap-default\">\n\t\t\t\t\t<div class=\"elementor-column elementor-col-100 elementor-top-column elementor-element elementor-element-ceb07af\" data-id=\"ceb07af\" data-element_type=\"column\">\n\t\t\t<div class=\"elementor-widget-wrap elementor-element-populated\">\n\t\t\t\t\t\t<div class=\"elementor-element elementor-element-919de18 elementor--h-position-center elementor--v-position-middle elementor-arrows-position-inside elementor-pagination-position-inside elementor-widget elementor-widget-slides\" data-id=\"919de18\" data-element_type=\"widget\" data-settings=\"{&quot;navigation&quot;:&quot;both&quot;,&quot;autoplay&quot;:&quot;yes&quot;,&quot;pause_on_hover&quot;:&quot;yes&quot;,&quot;pause_on_interaction&quot;:&quot;yes&quot;,&quot;autoplay_speed&quot;:5000,&quot;infinite&quot;:&quot;yes&quot;,&quot;transition&quot;:&quot;slide&quot;,&quot;transition_speed&quot;:500}\" data-widget_type=\"slides.default\">\n\t\t\t\t<div class=\"elementor-widget-container\">\n\t\t\t\t\t<div class=\"elementor-swiper\">\n\t\t\t<div class=\"elementor-slides-wrapper elementor-main-swiper swiper\" dir=\"ltr\" data-animation=\"fadeInUp\">\n\t\t\t\t<div class=\"swiper-wrapper elementor-slides\">\n\t\t\t\t\t\t\t\t\t\t<div class=\"elementor-repeater-item-28d9224 swiper-slide\"><div class=\"swiper-slide-bg\" role=\"img\"><\/div><div class=\"swiper-slide-inner\" ><div class=\"swiper-slide-contents\"><div class=\"elementor-slide-heading\">Calidad<\/div><div class=\"elementor-slide-description\">Nuestros esfuerzos se enfocan en la calidad y entrega de nuestro trabajo\n<\/div><\/div><\/div><\/div><div class=\"elementor-repeater-item-2ef3552 swiper-slide\"><div class=\"swiper-slide-bg\" role=\"img\"><\/div><div class=\"swiper-slide-inner\" ><div class=\"swiper-slide-contents\"><div class=\"elementor-slide-heading\">Transparencia<\/div><div class=\"elementor-slide-description\">Nuestras actividades son claras y con alto grado de colaboraci\u00f3n.<\/div><\/div><\/div><\/div><div class=\"elementor-repeater-item-60f67ec swiper-slide\"><div class=\"swiper-slide-bg\" role=\"img\"><\/div><div class=\"swiper-slide-inner\" ><div class=\"swiper-slide-contents\"><div class=\"elementor-slide-heading\">Cumplimiento<\/div><div class=\"elementor-slide-description\">Nuestra filosof\u00eda empresarial es cumplir con los compromisos adquiridos<\/div><\/div><\/div><\/div><div class=\"elementor-repeater-item-ae38bdc swiper-slide\"><div class=\"swiper-slide-bg\" role=\"img\"><\/div><div class=\"swiper-slide-inner\" ><div class=\"swiper-slide-contents\"><div class=\"elementor-slide-heading\">Confianza<\/div><div class=\"elementor-slide-description\">Nuestros modelos de trabajo est\u00e1n basados en la comunicaci\u00f3n asertiva\n<br>Nuestros servicios , Nuestras soluciones\n<\/div><\/div><\/div><\/div>\t\t\t\t<\/div>\n\t\t\t\t\t\t\t\t\t\t\t\t\t\t\t<div class=\"swiper-pagination\"><\/div>\n\t\t\t\t\t\t\t\t\t\t\t\t\t\t\t\t<div class=\"elementor-swiper-button elementor-swiper-button-prev\" role=\"button\" tabindex=\"0\">\n\t\t\t\t\t\t\t<i aria-hidden=\"true\" class=\"eicon-chevron-left\"><\/i>\t\t\t\t\t\t\t<span class=\"elementor-screen-only\">Diapositiva anterior<\/span>\n\t\t\t\t\t\t<\/div>\n\t\t\t\t\t\t<div class=\"elementor-swiper-button elementor-swiper-button-next\" role=\"button\" tabindex=\"0\">\n\t\t\t\t\t\t\t<i aria-hidden=\"true\" class=\"eicon-chevron-right\"><\/i>\t\t\t\t\t\t\t<span class=\"elementor-screen-only\">Diapositiva siguiente<\/span>\n\t\t\t\t\t\t<\/div>\n\t\t\t\t\t\t\t\t\t\t\t\t<\/div>\n\t\t<\/div>\n\t\t\t\t<\/div>\n\t\t\t\t<\/div>\n\t\t\t\t\t<\/div>\n\t\t<\/div>\n\t\t\t\t\t<\/div>\n\t\t<\/section>\n\t\t\t\t<\/div>","protected":false},"excerpt":{"rendered":"<p>Us at work At Impact Solutions Tech we are a Technology Partner and Digital Accelerator of some of the largest companies in Mexico.\u00a0We have worked in Technology Consulting for several years in some countries of the continent. We transform the way companies structure their vision and mission in a Digital World.\u00a0We believe in generating an [&hellip;]<\/p>","protected":false},"author":3,"featured_media":0,"parent":0,"menu_order":0,"comment_status":"closed","ping_status":"closed","template":"elementor_header_footer","meta":{"footnotes":""},"class_list":["post-137","page","type-page","status-publish","hentry"],"aioseo_notices":[],"_links":{"self":[{"href":"https:\/\/impactsolutionstech.com\/es\/wp-json\/wp\/v2\/pages\/137","targetHints":{"allow":["GET"]}}],"collection":[{"href":"https:\/\/impactsolutionstech.com\/es\/wp-json\/wp\/v2\/pages"}],"about":[{"href":"https:\/\/impactsolutionstech.com\/es\/wp-json\/wp\/v2\/types\/page"}],"author":[{"embeddable":true,"href":"https:\/\/impactsolutionstech.com\/es\/wp-json\/wp\/v2\/users\/3"}],"replies":[{"embeddable":true,"href":"https:\/\/impactsolutionstech.com\/es\/wp-json\/wp\/v2\/comments?post=137"}],"version-history":[{"count":64,"href":"https:\/\/impactsolutionstech.com\/es\/wp-json\/wp\/v2\/pages\/137\/revisions"}],"predecessor-version":[{"id":958,"href":"https:\/\/impactsolutionstech.com\/es\/wp-json\/wp\/v2\/pages\/137\/revisions\/958"}],"wp:attachment":[{"href":"https:\/\/impactsolutionstech.com\/es\/wp-json\/wp\/v2\/media?parent=137"}],"curies":[{"name":"wp","href":"https:\/\/api.w.org\/{rel}","templated":true}]}}