{"id":3,"date":"2021-12-13T19:56:51","date_gmt":"2021-12-13T19:56:51","guid":{"rendered":"https:\/\/impactsolutionstech.com\/?page_id=3"},"modified":"2022-07-11T20:55:31","modified_gmt":"2022-07-11T20:55:31","slug":"privacy-policy","status":"publish","type":"page","link":"https:\/\/impactsolutionstech.com\/es\/privacy-policy\/","title":{"rendered":"Pol\u00edticas de Privacidad"},"content":{"rendered":"<div data-elementor-type=\"wp-page\" data-elementor-id=\"3\" class=\"elementor elementor-3\" data-elementor-post-type=\"page\">\n\t\t\t\t\t\t<section class=\"elementor-section elementor-top-section elementor-element elementor-element-f9ab896 elementor-section-boxed elementor-section-height-default elementor-section-height-default\" data-id=\"f9ab896\" data-element_type=\"section\" data-settings=\"{&quot;background_background&quot;:&quot;gradient&quot;}\">\n\t\t\t\t\t\t\t<div class=\"elementor-background-overlay\"><\/div>\n\t\t\t\t\t\t\t<div class=\"elementor-container elementor-column-gap-default\">\n\t\t\t\t\t<div class=\"elementor-column elementor-col-100 elementor-top-column elementor-element elementor-element-4ebc226f\" data-id=\"4ebc226f\" data-element_type=\"column\">\n\t\t\t<div class=\"elementor-widget-wrap elementor-element-populated\">\n\t\t\t\t\t\t<div class=\"elementor-element elementor-element-2fa1e250 elementor-widget elementor-widget-heading\" data-id=\"2fa1e250\" data-element_type=\"widget\" data-widget_type=\"heading.default\">\n\t\t\t\t<div class=\"elementor-widget-container\">\n\t\t\t<h1 class=\"elementor-heading-title elementor-size-default\">Pol\u00edticas de Privacidad<\/h1>\t\t<\/div>\n\t\t\t\t<\/div>\n\t\t\t\t\t<\/div>\n\t\t<\/div>\n\t\t\t\t\t<\/div>\n\t\t<\/section>\n\t\t\t\t<section class=\"elementor-section elementor-top-section elementor-element elementor-element-efd204a elementor-section-boxed elementor-section-height-default elementor-section-height-default\" data-id=\"efd204a\" data-element_type=\"section\">\n\t\t\t\t\t\t<div class=\"elementor-container elementor-column-gap-default\">\n\t\t\t\t\t<div class=\"elementor-column elementor-col-100 elementor-top-column elementor-element elementor-element-648ff6fa\" data-id=\"648ff6fa\" data-element_type=\"column\">\n\t\t\t<div class=\"elementor-widget-wrap elementor-element-populated\">\n\t\t\t\t\t\t<div class=\"elementor-element elementor-element-1cdad28c elementor-widget elementor-widget-text-editor\" data-id=\"1cdad28c\" data-element_type=\"widget\" data-widget_type=\"text-editor.default\">\n\t\t\t\t<div class=\"elementor-widget-container\">\n\t\t\t\t\t\t\t<p><strong>\u00daltima actualizaci\u00f3n: 1\/1\/2022<\/strong><\/p><p>Este sitio web es propiedad y est\u00e1 operado por IMPACT SOLUTIONS TECH (\"nosotros\", \"nos\", \"nuestro\" y \"nosotros\") comercializando como IMPACT SOLUTIONS TECH, el controlador de datos es IMPACT SOLUTIONS TECH.<\/p><p>IMPACT SOLUTIONS TECH se compromete a proteger la privacidad y la seguridad de sus datos personales. Esta pol\u00edtica de privacidad describe c\u00f3mo recopilamos, usamos y cuidamos sus datos personales cuando usted visita nuestro sitio web (independientemente de donde usted visita), incluyendo cuando usted compra un producto o servicio o se suscribe a nuestro bolet\u00edn de noticias. Tambi\u00e9n le informa de sus derechos y de c\u00f3mo le protege la ley.<\/p><p><strong>Informaci\u00f3n importante<\/strong><\/p><p>Nuestro sitio web no est\u00e1 destinado a los ni\u00f1os y no recopilamos conscientemente datos relacionados con ellos.<\/p><p>Esta pol\u00edtica de privacidad complementa las otras pol\u00edticas (incluyendo nuestras condiciones de uso (T\u00e9rminos)) y no pretende anularlas.<\/p><p>IMPACT SOLUTIONS TECH es el controlador y responsable de sus datos personales (nosotros o nuestro).<\/p><p>Para ayudarle a entender mejor esta pol\u00edtica de privacidad, hemos establecido un glosario de t\u00e9rminos utilizados, ejemplos de los tipos de datos personales que recogemos, c\u00f3mo los utilizamos, la base legal para el tratamiento de dichos datos, y m\u00e1s detalles. de sus derechos.<\/p><p>Hemos designado un responsable de la privacidad de los datos. Si tiene alguna pregunta sobre esta pol\u00edtica de privacidad, incluida cualquier solicitud para ejercer sus derechos legales, p\u00f3ngase en contacto con nosotros por escrito, ya sea<\/p><p>Por correo electr\u00f3nico a: <a href=\"mailto:info@impactsolutionstech.com\">info@impactsolutionstech.com<\/a><\/p><p>By post to: Insurgentes Norte 1894, INT 605, linda vista, Gustavo A. Madero, C.P, 07300, Ciudad de Mexico<\/p><p>Su obligaci\u00f3n de informarnos de los cambios: Los datos que tenemos sobre usted deben ser exactos y estar actualizados, por lo que le rogamos que nos mantenga informados de cualquier cambio en sus datos personales.<\/p><p>Enlaces de terceros: Nuestro sitio web puede incluir enlaces a sitios web, plugins y aplicaciones de terceros. Al hacer clic en estos enlaces o habilitar las conexiones, puede permitir que terceros recopilen o compartan sus datos personales. No tenemos ning\u00fan control sobre estos sitios web, plugins o aplicaciones de terceros y no somos responsables de sus pol\u00edticas de privacidad, por lo que deber\u00eda leer tambi\u00e9n sus pol\u00edticas de privacidad para entender qu\u00e9 datos personales recogen sobre usted y c\u00f3mo los utilizan.<\/p><p><strong>Los datos que recopilamos sobre usted<\/strong><\/p><p>Podemos recoger, utilizar, almacenar y transferir los tipos de datos personales sobre usted.<\/p><p>Tambi\u00e9n recogemos, utilizamos y compartimos datos agregados. Sin embargo, si combinamos los datos agregados con sus datos personales de manera que puedan identificarle directa o indirectamente, los tratamos como sus datos personales.<\/p><p>No recogemos categor\u00edas especiales de datos personales.<\/p><p>Incumplimiento de la obligaci\u00f3n de proporcionar datos personales: Si estamos obligados por ley, o en virtud de los t\u00e9rminos de un contrato que tenemos con usted, a recoger sus datos personales y usted no los proporciona, es posible que no podamos celebrar el contrato con usted. y es posible que tengamos que cancelar un producto o servicio. Se lo notificaremos en el momento oportuno.<\/p><p><strong>C\u00f3mo utilizamos sus datos personales<\/strong><\/p><p>S\u00f3lo utilizaremos sus datos personales cuando la ley nos lo permita. Lo m\u00e1s habitual es que utilicemos sus datos personales<\/p><p>Para ejecutar el contrato que vamos a celebrar o que hemos celebrado con usted;<\/p><p>Para cumplir con una obligaci\u00f3n legal, y cuando sea necesario para llevar a cabo nuestros intereses leg\u00edtimos (o los de un tercero), y sus intereses y derechos fundamentales no prevalezcan sobre esos intereses.<\/p><p>Por lo general, s\u00f3lo nos basamos en el consentimiento como base legal para el tratamiento de sus datos personales para enviar comunicaciones de marketing por correo electr\u00f3nico y SMS, y usted tiene derecho a retirar su consentimiento en cualquier momento poni\u00e9ndose en contacto con nosotros. Tenga en cuenta que podemos procesar sus datos personales por m\u00e1s de una raz\u00f3n legal, dependiendo del prop\u00f3sito espec\u00edfico para el que estemos utilizando su informaci\u00f3n.<\/p><p>Marketing: Podemos analizar sus datos personales para formarnos una opini\u00f3n sobre los productos o servicios que creemos que pueden ser de su inter\u00e9s. S\u00f3lo recibir\u00e1 comunicaciones de marketing de nuestra parte, si nos ha solicitado informaci\u00f3n o ha comprado servicios, si da su consentimiento para el marketing en el momento en que recopilamos sus datos personales y posteriormente no ha optado por no hacerlo o ha retirado su consentimiento, o si tenemos otra base para enviarle comunicaciones de marketing.<\/p><p>Obtendremos su consentimiento expreso antes de compartir sus datos personales con terceros con fines de marketing. No vendemos listas, no aceptamos publicidad ni generamos ingresos de terceros a partir de la informaci\u00f3n generada en este sitio web.<\/p><p>C\u00f3mo excluirse: Puede excluirse del marketing por correo electr\u00f3nico haciendo clic en el bot\u00f3n de cancelaci\u00f3n de la suscripci\u00f3n dentro del correo electr\u00f3nico de marketing en particular. Tambi\u00e9n puede retirar su consentimiento para el marketing en cualquier momento poni\u00e9ndose en contacto con nosotros.<\/p><p>Incluso si decide no recibir marketing, podemos seguir utilizando sus datos personales para otros fines siempre que tengamos una base legal para hacerlo.<\/p><p>Cambio de finalidad: S\u00f3lo utilizaremos sus datos personales para la finalidad para la que los recopilamos originalmente, a menos que consideremos razonablemente que necesitamos utilizarlos por otro motivo y que \u00e9ste sea compatible con la finalidad original.<\/p><p>Si necesitamos utilizar sus datos personales para un prop\u00f3sito no relacionado, se lo notificaremos y le explicaremos la base legal que nos permite utilizar sus datos personales de esta manera.<\/p><p>Podemos procesar sus datos personales (sin su conocimiento o consentimiento) cuando lo exija o lo permita la ley.<\/p><p><strong>Divulgaci\u00f3n de sus datos personales<\/strong><\/p><p>Es posible que tengamos que compartir sus datos personales con terceros. Exigimos a todos los terceros que respeten la seguridad de sus datos personales y los traten conforme a la ley. No permitimos que nuestros proveedores de servicios externos utilicen sus datos personales para sus fines. S\u00f3lo pueden procesar sus datos para fines espec\u00edficos y seg\u00fan nuestras instrucciones.<\/p><p><strong>Seguridad de los datos<\/strong><\/p><p>La seguridad de sus datos personales es importante para nosotros. Sin embargo, tenga en cuenta que ning\u00fan sistema de seguridad est\u00e1 garantizado al 100%. Aunque nos esforzamos por proteger su informaci\u00f3n personal, IMPACT SOLUTIONS TECH no puede garantizar la seguridad de nuestros servidores, ni tampoco podemos garantizar que la informaci\u00f3n que usted proporciona a trav\u00e9s de este sitio web no ser\u00e1 interceptada mientras se transmite por Internet. Seguimos los est\u00e1ndares de la industria generalmente aceptados para proteger la informaci\u00f3n personal que se nos env\u00eda, tanto durante la transmisi\u00f3n como una vez que la recibimos.<\/p><p>Hemos implantado las medidas de seguridad adecuadas para evitar que sus datos personales se pierdan, se utilicen o se acceda a ellos de forma no autorizada, se alteren o se divulguen. Tambi\u00e9n limitamos el acceso a sus datos personales a aquellos empleados, agentes, contratistas y otros terceros que tienen una necesidad comercial de conocerlos y s\u00f3lo pueden procesar sus datos personales siguiendo nuestras instrucciones y estar\u00e1n sujetos a un deber de confidencialidad.<\/p><p>Disponemos de procedimientos para hacer frente a cualquier sospecha de violaci\u00f3n de datos personales y le notificaremos a usted y a cualquier regulador aplicable de una violaci\u00f3n cuando estemos legalmente obligados a hacerlo.<\/p><p><strong>Conservaci\u00f3n de datos<\/strong><\/p><p>S\u00f3lo conservaremos sus datos personales durante el tiempo que sea necesario para cumplir los fines para los que los recogimos, incluido el cumplimiento de requisitos legales, contables o de informaci\u00f3n.<\/p><p>Los detalles de los periodos de retenci\u00f3n de los diferentes aspectos de sus datos personales est\u00e1n disponibles en nuestra pol\u00edtica de retenci\u00f3n que puede solicitarnos. Sin embargo, estamos obligados por ley a conservar la informaci\u00f3n b\u00e1sica sobre nuestros clientes (incluidos los datos de contacto, identidad, financieros y de transacciones) despu\u00e9s de que dejen de ser clientes, por motivos fiscales.<\/p><p>Tambi\u00e9n podemos anonimizar sus datos personales (para que no puedan asociarse a usted) con fines de investigaci\u00f3n o estad\u00edsticos. Podemos utilizar la informaci\u00f3n anonimizada indefinidamente sin previo aviso.<\/p><p><strong>Sus Derechos legales<\/strong><\/p><p>Usted tiene ciertos derechos en determinadas circunstancias seg\u00fan la ley de protecci\u00f3n de datos.<\/p><p>No tendr\u00e1 que pagar ninguna tasa para ejercer ninguno de sus derechos. Sin embargo, si su solicitud es infundada, repetitiva o excesiva, podremos cobrarle una tarifa razonable por esta informaci\u00f3n o negarnos a atender su solicitud.<\/p><p>Podemos solicitarle informaci\u00f3n espec\u00edfica para ayudarnos a confirmar su identidad cuando se ponga en contacto con nosotros. Se trata de una medida de seguridad para garantizar que los datos personales no se revelen a nadie que no tenga derecho a recibirlos.<\/p><p>Intentamos responder a todas las solicitudes leg\u00edtimas en el plazo de un mes. Ocasionalmente podemos tardar m\u00e1s de un mes si su solicitud es especialmente compleja o si ha realizado una serie de solicitudes. En este caso, se lo notificaremos y le mantendremos informado.<\/p><p><strong>Cambios en esta pol\u00edtica de privacidad<\/strong><\/p><p>IMPACT SOLUTIONS TECH se reserva el derecho de cambiar esta Pol\u00edtica de Privacidad cuando lo requiera la ley o en cualquier momento que consideremos necesario. Vamos a publicar una notificaci\u00f3n de cualquier cambio en el sitio web, pero le recomendamos que revise peri\u00f3dicamente esta pol\u00edtica para mantenerse actualizado; En su primera visita al sitio web despu\u00e9s de cualquier cambio, se considera que ha aceptado los t\u00e9rminos de la pol\u00edtica.<\/p>\t\t\t\t\t\t<\/div>\n\t\t\t\t<\/div>\n\t\t\t\t\t<\/div>\n\t\t<\/div>\n\t\t\t\t\t<\/div>\n\t\t<\/section>\n\t\t\t\t<\/div>","protected":false},"excerpt":{"rendered":"<p>Privacy Policy Last update: 1\/1\/2022 This website is owned and operated by IMPACT SOLUTIONS TECH (\u201cwe\u201d, \u201cus\u201d, \u201cour\u201d and \u201courselves\u201d) trading as IMPACT SOLUTIONS TECH, the data controller is IMPACT SOLUTIONS TECH. IMPACT SOLUTIONS TECH is committed to protecting the privacy and security of your personal data. This Privacy Policy describes how we collect, use [&hellip;]<\/p>","protected":false},"author":3,"featured_media":0,"parent":0,"menu_order":0,"comment_status":"closed","ping_status":"open","template":"elementor_header_footer","meta":{"footnotes":""},"class_list":["post-3","page","type-page","status-publish","hentry"],"aioseo_notices":[],"_links":{"self":[{"href":"https:\/\/impactsolutionstech.com\/es\/wp-json\/wp\/v2\/pages\/3","targetHints":{"allow":["GET"]}}],"collection":[{"href":"https:\/\/impactsolutionstech.com\/es\/wp-json\/wp\/v2\/pages"}],"about":[{"href":"https:\/\/impactsolutionstech.com\/es\/wp-json\/wp\/v2\/types\/page"}],"author":[{"embeddable":true,"href":"https:\/\/impactsolutionstech.com\/es\/wp-json\/wp\/v2\/users\/3"}],"replies":[{"embeddable":true,"href":"https:\/\/impactsolutionstech.com\/es\/wp-json\/wp\/v2\/comments?post=3"}],"version-history":[{"count":21,"href":"https:\/\/impactsolutionstech.com\/es\/wp-json\/wp\/v2\/pages\/3\/revisions"}],"predecessor-version":[{"id":1236,"href":"https:\/\/impactsolutionstech.com\/es\/wp-json\/wp\/v2\/pages\/3\/revisions\/1236"}],"wp:attachment":[{"href":"https:\/\/impactsolutionstech.com\/es\/wp-json\/wp\/v2\/media?parent=3"}],"curies":[{"name":"wp","href":"https:\/\/api.w.org\/{rel}","templated":true}]}}